{"id":91,"date":"2012-04-22T13:56:01","date_gmt":"2012-04-22T11:56:01","guid":{"rendered":"https:\/\/freikaempfer.net\/b\/kontakt-impressum\/"},"modified":"2017-09-23T14:07:54","modified_gmt":"2017-09-23T12:07:54","slug":"kontakt-impressum","status":"publish","type":"page","link":"https:\/\/freikaempfer.net\/b\/kontakt-impressum\/","title":{"rendered":"Kontakt &#038; Impressum"},"content":{"rendered":"<p>E-Mails k\u00f6nnen mir an <i>me [ a t ] freikaempfer [ p u n k t ] net<\/i> gesendet werden.<br \/>\nMeinen GPG Public Key gibt es <a href=\"https:\/\/freikaempfer.net\/b\/kontakt-impressum\/gpg-public-key\/\">hier<\/a>.<br \/>\nAu\u00dferdem: <em>freikaempfer [ a t ] jabber [ p u n k t ] ccc [ p u n k t ] de<\/em><\/p>\n<p><strong>Impressum:<\/strong><br \/>\nZur Impressumspflicht, wie sie im deutschen Gesetz verankert ist, kann ich nur sagen:<br \/>\nNach der Definition meiner Homepage\/Blog f&auml;llt diese nicht unter die vom Gesetz erfassten Formen. Ich stelle weder regelm&auml;\u00dfig Inhalte bereit, noch bet&auml;tige ich mich auf eine journalistische Weise. Sollte es dennoch Fragen oder Probleme geben, bitte ich darum mich zun&auml;chst &uuml;ber den obigen Kontakt zu benachrichtigen bevor rechtliche Schritte unternommen werden.<\/p>\n<p><strong>Verlinkte Inhalte<\/strong><br \/>\nAlle Inhalte die ich verlinkt habe aber nicht teil meines Blogs sind (also alles, dessen URL nicht mit http:\/\/www.freikaempfer.net\/&#8230; anf\u00e4ngt) geh\u00f6rt nicht zu meinem Blog und ich habe keinen Einfluss darauf, was dort gezeigt wird. Schlie\u00dfe hiermit auch jegliche Verantwortung meinerseits aus. Wenn was st\u00f6rt, bitte per Mail melden.<\/p>\n","protected":false},"excerpt":{"rendered":"<p>E-Mails k\u00f6nnen mir an me [ a t ] freikaempfer [ p u n k t ] net gesendet werden. Meinen GPG Public Key gibt es hier. Au\u00dferdem: freikaempfer [ a t ] jabber [ p u n k t ] ccc [ p u n k t ] de Impressum: Zur Impressumspflicht, wie sie [&hellip;]<\/p>\n","protected":false},"author":1,"featured_media":0,"parent":0,"menu_order":0,"comment_status":"closed","ping_status":"closed","template":"","meta":[],"_links":{"self":[{"href":"https:\/\/freikaempfer.net\/b\/wp-json\/wp\/v2\/pages\/91"}],"collection":[{"href":"https:\/\/freikaempfer.net\/b\/wp-json\/wp\/v2\/pages"}],"about":[{"href":"https:\/\/freikaempfer.net\/b\/wp-json\/wp\/v2\/types\/page"}],"author":[{"embeddable":true,"href":"https:\/\/freikaempfer.net\/b\/wp-json\/wp\/v2\/users\/1"}],"replies":[{"embeddable":true,"href":"https:\/\/freikaempfer.net\/b\/wp-json\/wp\/v2\/comments?post=91"}],"version-history":[{"count":7,"href":"https:\/\/freikaempfer.net\/b\/wp-json\/wp\/v2\/pages\/91\/revisions"}],"predecessor-version":[{"id":198,"href":"https:\/\/freikaempfer.net\/b\/wp-json\/wp\/v2\/pages\/91\/revisions\/198"}],"wp:attachment":[{"href":"https:\/\/freikaempfer.net\/b\/wp-json\/wp\/v2\/media?parent=91"}],"curies":[{"name":"wp","href":"https:\/\/api.w.org\/{rel}","templated":true}]}}