{"id":92,"date":"2012-05-09T11:00:01","date_gmt":"2012-05-09T09:00:01","guid":{"rendered":"https:\/\/freikaempfer.net\/b\/nuetzliches\/"},"modified":"2012-05-09T11:00:01","modified_gmt":"2012-05-09T09:00:01","slug":"nuetzliches","status":"publish","type":"page","link":"https:\/\/freikaempfer.net\/b\/nuetzliches\/","title":{"rendered":"N\u00fctzliches"},"content":{"rendered":"<p>Nachfolgend ein paar, wie ich finde, n\u00fctzliche Links.<\/p>\n<p><DT><A HREF=\"https:\/\/privacybox.de\/\" target=_blank>PrivacyBox<\/A><br \/>\n<DD>Die PrivacyBox soll in erster Linie f\u00fcr Journalisten, Blogger und andere Publizierende eine sichere und bei Bedarf auch anonyme Kontaktm\u00f6glichkeit bieten. Sie steht jedoch allen Interessierten offen.<\/DD><br \/>\n<DT><A HREF=\"http:\/\/de.fakenamegenerator.com\/\" target=_blank>FakeName Generator<\/A><br \/>\n<DD><\/DD><br \/>\n<DT><A HREF=\"https:\/\/play.google.com\/store\/apps\/details?id=org.witness.sscphase1&#038;feature=search_result\" target=_blank>ObscuraCam<\/A><br \/>\n<DD>Mit der Android-App &#8222;ObscuraCam&#8220; k\u00f6nnen direkt am Handy Fotos und Videos anonymisiert werden. Besonders sinnvoll, wenn live von Demos o.\u00e4. berichtet wird. Gesichter werden automatisch erkannt und verpixelt.<\/DD><br \/>\n<DT><A HREF=\"https:\/\/play.google.com\/store\/apps\/details?id=com.xabber.android&#038;hl=de\" target=_blank>Xabber<\/A><br \/>\n<DD>\u00bbKostenloser Jabber (XMPP) Client mit Multi-Account-Unterst\u00fctzung und einfachem Interface. Xabber ist kostenlos, frei von Werbung und wurde entworfen, um der beste Jabber Client f\u00fcr Android zu sein.\u00ab Dieser Client bietet vorallem OTR-Verschl\u00fcsselung f\u00fcr Jabber-Chats an.<\/DD><br \/>\n<DT><A HREF=\"https:\/\/play.google.com\/store\/apps\/details?id=info.guardianproject.otr.app.im\" target=_blank>Gibberbot<\/A><br \/>\n<DD>Mit der Android-App &#8222;Gibberbot&#8220; ist es m\u00f6glich verschl\u00fcsselt zu chatten. Dabei wird u.a. das bekannte Off-The-Record-Protokoll(OTR) verwendet. Zur verschl\u00fcsselten Kommunikation muss die Person am anderen Ende ebenfalls OTR nutzen.<\/DD><br \/>\n<DT><A HREF=\"https:\/\/market.android.com\/details?id=org.torproject.android&#038;feature=search_result\" target=_blank>Orbot<\/A> und <A HREF=\"https:\/\/play.google.com\/store\/apps\/details?id=info.guardianproject.browser\" target=_blank>Orweb<\/A><br \/>\n<DD>Beide Android-Apps funktionieren miteinander und erm\u00f6glichen ein anonymes surfen im Internet via dem TOR-Netzwerk. Zur Nutzung von Orweb muss Orbot bereits installiert sein.<\/DD><br \/>\n<DT><A HREF=\"https:\/\/play.google.com\/store\/apps\/details?id=info.guardianproject.notepadbot\" target=_blank>NoteCipher<\/A><br \/>\n<DD>Mit der Android-App &#8222;NoteCipher&#8220; ist es M\u00f6glich verschl\u00fcsselte Notizen abzuspeichern. Die Verschl\u00fcsselung erfolgt mit einem 256-bit AES-Key.<\/DD><br \/>\n<DT><A HREF=\"http:\/\/hidemyass.com\/proxy-list\/\" target=_blank>Hide My Ass &#8211; Proxy Liste<\/A><br \/>\n<DD>Eine Auflistung von nutzbaren Proxy-Servern.<\/DD><br \/>\n<DT><A HREF=\"http:\/\/www.proxy-listen.de\/Proxy\/Proxyliste.html\" target=_blank>Proxy Listen<\/A><br \/>\n<DD>Eine weitere Auflistung von nutzbaren Proxy-Servern.<\/DD><br \/>\n<DT><A HREF=\"https:\/\/play.google.com\/store\/apps\/details?id=org.thoughtcrime.securesms&#038;hl=de\" target=_blank>TextSecure Beta<\/A><br \/>\n<DD>Die Android-App &#8222;TextSecure Beta&#8220; erm\u00f6glicht das verschl\u00fcsselte versenden und speichern von SMS. Zur verschl\u00fcsselten SMS-Kommunikation muss auch das empfangende Ger\u00e4t TextSecure nutzen. Andernfalls kann keine Verschl\u00fcsselung stattfinden.<\/DD><br \/>\n<DT><A HREF=\"https:\/\/play.google.com\/store\/apps\/details?id=com.appetizermobile.kryptos\" target=_blank>Kryptos<\/A><br \/>\n<DD>Mit Hilfe von &#8222;Kryptos&#8220; ist es m\u00f6glich verschl\u00fcsselt zu telefonieren. Dabei wird eine Voice-over-IP(VoIP) Verbindung \u00fcber das Internet zu anderen Kryptos-Usern hergestellt und verschl\u00fcsselt.<\/DD><br \/>\n<DT><A HREF=\"https:\/\/play.google.com\/store\/apps\/details?id=uk.ac.cam.tfmw2.stegdroid\" target=_blank>StegDroid<\/A><br \/>\n<DD>&#8222;StegDroid&#8220; erm\u00f6glicht eine verschl\u00fcsselte und zugleich verdeckte Kommunikation. Dabei wird eine Audio-File aufgezeichnet und danach eine Text-Nachricht in diese File eingebettet. Wenn dies nicht bekannt ist, kann die Text-Nachricht fast nicht entdeckt werden.<\/DD><br \/>\n<DT><A HREF=\"https:\/\/play.google.com\/store\/apps\/details?id=net.bitplane.android.anonypic\" target=_blank>Anonypic<\/A><br \/>\n<DD>Mit der Android-App &#8222;Anonypic&#8220; ist es M\u00f6glich einen anonymisierten Foto-Sharing-Service zu nutzen. Bereitgestellt von der Crew von &#8222;The Pirate Bay&#8220; k\u00f6nnen anonym und unzensiert Fotos hochgeladen und verteil werden.<\/DD><br \/>\n<DT><A HREF=\"https:\/\/play.google.com\/store\/apps\/details?id=ukzzang.android.gallerylocklite\" target=_blank>Gallery Lock Free (media lock)<\/A><br \/>\n<DD>Die App &#8222;Gallery Lock Free (media lock)&#8220; erm\u00f6glicht es, Medien-Dateien(Bilder, Videos, etc.) auf dem Smartphone zu verschl\u00fcsseln und den Zugriff nur mit einem Passwort zu erlauben.<\/DD><br \/>\n<DT><A HREF=\"https:\/\/play.google.com\/store\/apps\/details?id=ukzzang.android.app.protectorlite\" target=_blank>Smart Lock Free (App\/Media)<\/A><br \/>\n<DD>&#8222;Smart Lock Free&#8220; erm\u00f6glicht die Verschl\u00fcsselung von Dateien und das Sperren von App-Zugriffen.<\/DD><br \/>\n<DT><A HREF=\"https:\/\/play.google.com\/store\/apps\/details?id=sms.encryptor.v2.free\" target=_blank>Clock SMS Free<\/A><br \/>\n<DD>\u00c4hnlich wie bereits &#8222;TextSecure&#8220; verschl\u00fcsselt auch diese App SMSen. Allerdings k\u00f6nnen die von &#8222;Clock SMS Free&#8220; verschl\u00fcsselten SMSen nur mit einem Passwort wieder entschl\u00fcsselt werden. Alle Beteiligten ben\u00f6tigen zur Kommunikation diese App.<\/DD><br \/>\n<DT><A HREF=\"https:\/\/play.google.com\/store\/apps\/details?id=org.thialfihar.android.apg\" target=_blank>Android Privacy Guard<\/A><br \/>\n<DD>Diese App erm\u00f6glicht es das bekannte OpenPGP-Verfahren zum Ver- und Entschl\u00fcsseln von E-Mails und Dateien auf einem Android-System zu verwenden. <a href=\"https:\/\/code.google.com\/p\/android-privacy-guard\/\" target=_blank>Projekt-Homepage<\/a><\/DD><\/p>\n","protected":false},"excerpt":{"rendered":"<p>Nachfolgend ein paar, wie ich finde, n\u00fctzliche Links. PrivacyBox Die PrivacyBox soll in erster Linie f\u00fcr Journalisten, Blogger und andere Publizierende eine sichere und bei Bedarf auch anonyme Kontaktm\u00f6glichkeit bieten. Sie steht jedoch allen Interessierten offen. FakeName Generator ObscuraCam Mit der Android-App &#8222;ObscuraCam&#8220; k\u00f6nnen direkt am Handy Fotos und Videos anonymisiert werden. Besonders sinnvoll, wenn [&hellip;]<\/p>\n","protected":false},"author":1,"featured_media":0,"parent":0,"menu_order":0,"comment_status":"closed","ping_status":"closed","template":"","meta":[],"_links":{"self":[{"href":"https:\/\/freikaempfer.net\/b\/wp-json\/wp\/v2\/pages\/92"}],"collection":[{"href":"https:\/\/freikaempfer.net\/b\/wp-json\/wp\/v2\/pages"}],"about":[{"href":"https:\/\/freikaempfer.net\/b\/wp-json\/wp\/v2\/types\/page"}],"author":[{"embeddable":true,"href":"https:\/\/freikaempfer.net\/b\/wp-json\/wp\/v2\/users\/1"}],"replies":[{"embeddable":true,"href":"https:\/\/freikaempfer.net\/b\/wp-json\/wp\/v2\/comments?post=92"}],"version-history":[{"count":0,"href":"https:\/\/freikaempfer.net\/b\/wp-json\/wp\/v2\/pages\/92\/revisions"}],"wp:attachment":[{"href":"https:\/\/freikaempfer.net\/b\/wp-json\/wp\/v2\/media?parent=92"}],"curies":[{"name":"wp","href":"https:\/\/api.w.org\/{rel}","templated":true}]}}